{"id":1961,"date":"2023-10-26T10:25:23","date_gmt":"2023-10-26T08:25:23","guid":{"rendered":"https:\/\/manoarquitectura.com\/politica-de-cookies\/"},"modified":"2024-06-11T13:41:16","modified_gmt":"2024-06-11T11:41:16","slug":"cookies-policy","status":"publish","type":"page","link":"https:\/\/manoarquitectura.com\/en\/cookies-policy\/","title":{"rendered":"Cookies policy"},"content":{"rendered":"<p><b>What is a Cookie?<\/b><\/p>\n<p>Cookies are small data files received by the terminal from the website visited and are used to record certain browsing interactions on a website by storing data that can be updated and retrieved.\u202fThese files are stored on the user&#8217;s computer and contain anonymous data that is not harmful to the system.\u202fThey are used to remember the user&#8217;s preferences, such as the selected language, login data or the personalization page.<\/p>\n<p>Cookies are secure because they can only store information that was put on your site by the browser, which is information that the user has entered into the browser or that is included in the page request.\u202fThey cannot execute code and cannot be used to access your computer.<\/p>\n<p><span data-ccp-props=\"{&quot;134233117&quot;:true,&quot;134233118&quot;:true,&quot;201341983&quot;:0,&quot;335551550&quot;:6,&quot;335551620&quot;:6,&quot;335559740&quot;:276}\">\u00a0<\/span><\/p>\n<p><b>TYPE OF COOKIES<\/b><\/p>\n<p><strong>Depending on who manages them:<\/strong><\/p>\n<ul>\n<li><strong>Own cookies:<\/strong> these are those sent and managed by a team or domain of the editor of the website you are visiting.<\/li>\n<li><strong>Third-party cookies:<\/strong> these are those sent and managed by a third party that is not the website editor itself when they come from another server.\u202fFor example, those used by social networks, or by external content such as Google Maps.<\/li>\n<\/ul>\n<p><span data-contrast=\"none\">.<\/span><span data-ccp-props=\"{&quot;134233117&quot;:true,&quot;134233118&quot;:true,&quot;201341983&quot;:0,&quot;335551550&quot;:6,&quot;335551620&quot;:6,&quot;335559740&quot;:276}\">\u00a0<\/span><\/p>\n<p><strong>Depending on the purpose for which the data obtained from them is processed:<\/strong><\/p>\n<p><strong>Technical cookies:<\/strong> They allow the user to navigate through a web page and use the different options or services that exist there, such as, for example, controlling traffic, identifying the user&#8217;s session, accessing restricted access parts, remembering the elements that make up an order, make a request for registration or participation in an event, use security elements while browsing, store content for the dissemination of videos or sound or share content through social networks.<br \/>\n<strong>Personalization cookies:<\/strong> These are those that allow you to access the service with predefined characteristics based on a series of criteria, such as the language, the type of browser through which the service is accessed, the regional configuration from where the service is accessed. access the service, etc.<br \/>\n<strong>Analysis cookies<\/strong>: These are those that allow us to quantify the number of users and thus carry out the measurement and statistical analysis of the use that users make of the services provided and, based on this, also apply design and speed improvements.<\/p>\n<p>&nbsp;<\/p>\n<ul>\n<li data-leveltext=\"\uf0b7\" data-font=\"Symbol\" data-listid=\"5\" data-list-defn-props=\"{&quot;335552541&quot;:1,&quot;335559684&quot;:-2,&quot;335559685&quot;:720,&quot;335559991&quot;:360,&quot;469769226&quot;:&quot;Symbol&quot;,&quot;469769242&quot;:[8226],&quot;469777803&quot;:&quot;left&quot;,&quot;469777804&quot;:&quot;\uf0b7&quot;,&quot;469777815&quot;:&quot;hybridMultilevel&quot;}\" aria-setsize=\"-1\" data-aria-posinset=\"2\" data-aria-level=\"1\"><b><span data-contrast=\"none\">Cookies t\u00e9cnicas<\/span><\/b><span data-contrast=\"none\">\u202f: Permiten al usuario la navegaci\u00f3n a trav\u00e9s de una p\u00e1gina web y la utilizaci\u00f3n de las diferentes opciones o servicios que en ella existan como, por ejemplo, controlar el tr\u00e1fico, identificar la sesi\u00f3n del usuario, acceder a partes de acceso restringido, recordar los elementos que integran un pedido, realizar la solicitud de inscripci\u00f3n o participaci\u00f3n en un evento, utilizar elementos de seguridad durante la navegaci\u00f3n, almacenar contenidos para la difusi\u00f3n de v\u00eddeos o sonido o compartir contenidos a trav\u00e9s de redes sociales.<\/span><span data-ccp-props=\"{&quot;134233117&quot;:true,&quot;134233118&quot;:true,&quot;201341983&quot;:0,&quot;335551550&quot;:6,&quot;335551620&quot;:6,&quot;335559740&quot;:276}\">\u00a0<\/span><\/li>\n<li data-leveltext=\"\uf0b7\" data-font=\"Symbol\" data-listid=\"5\" data-list-defn-props=\"{&quot;335552541&quot;:1,&quot;335559684&quot;:-2,&quot;335559685&quot;:720,&quot;335559991&quot;:360,&quot;469769226&quot;:&quot;Symbol&quot;,&quot;469769242&quot;:[8226],&quot;469777803&quot;:&quot;left&quot;,&quot;469777804&quot;:&quot;\uf0b7&quot;,&quot;469777815&quot;:&quot;hybridMultilevel&quot;}\" aria-setsize=\"-1\" data-aria-posinset=\"3\" data-aria-level=\"1\"><b><span data-contrast=\"none\">Cookies de personalizaci\u00f3n<\/span><\/b><span data-contrast=\"none\">\u202f: Son aquellas que le permiten acceder al servicio con unas caracter\u00edsticas predefinidas en funci\u00f3n de una serie de criterios, como por ejemplo el idioma, el tipo de navegador a trav\u00e9s del cual se accede al servicio, la configuraci\u00f3n regional desde de d\u00f3nde se accede al servicio, etc.<\/span><span data-ccp-props=\"{&quot;134233117&quot;:true,&quot;134233118&quot;:true,&quot;201341983&quot;:0,&quot;335551550&quot;:6,&quot;335551620&quot;:6,&quot;335559740&quot;:276}\">\u00a0<\/span><\/li>\n<li data-leveltext=\"\uf0b7\" data-font=\"Symbol\" data-listid=\"5\" data-list-defn-props=\"{&quot;335552541&quot;:1,&quot;335559684&quot;:-2,&quot;335559685&quot;:720,&quot;335559991&quot;:360,&quot;469769226&quot;:&quot;Symbol&quot;,&quot;469769242&quot;:[8226],&quot;469777803&quot;:&quot;left&quot;,&quot;469777804&quot;:&quot;\uf0b7&quot;,&quot;469777815&quot;:&quot;hybridMultilevel&quot;}\" aria-setsize=\"-1\" data-aria-posinset=\"4\" data-aria-level=\"1\"><b><span data-contrast=\"none\">Cookies de an\u00e1lisis<\/span><\/b><span data-contrast=\"none\">\u202f: Son aquellas que nos permiten cuantificar el n\u00famero de usuarios y as\u00ed realizar la medici\u00f3n y an\u00e1lisis estad\u00edstico de la utilizaci\u00f3n que hacen los usuarios de los servicios prestados y en base a ello tambi\u00e9n aplicar mejoras de dise\u00f1o y velocidad.<\/span><span data-ccp-props=\"{&quot;134233117&quot;:true,&quot;134233118&quot;:true,&quot;201341983&quot;:0,&quot;335551550&quot;:6,&quot;335551620&quot;:6,&quot;335559740&quot;:276}\">\u00a0<\/span><\/li>\n<li data-leveltext=\"\uf0b7\" data-font=\"Symbol\" data-listid=\"5\" data-list-defn-props=\"{&quot;335552541&quot;:1,&quot;335559684&quot;:-2,&quot;335559685&quot;:720,&quot;335559991&quot;:360,&quot;469769226&quot;:&quot;Symbol&quot;,&quot;469769242&quot;:[8226],&quot;469777803&quot;:&quot;left&quot;,&quot;469777804&quot;:&quot;\uf0b7&quot;,&quot;469777815&quot;:&quot;hybridMultilevel&quot;}\" aria-setsize=\"-1\" data-aria-posinset=\"4\" data-aria-level=\"1\"><strong>Behavioral advertising cookies:<\/strong> are those that store information on user behavior obtained through continuous observation of their browsing habits, which allows the development of a specific profile to display advertising based on it.<\/li>\n<\/ul>\n<p><strong>Depending on the expiration:<\/strong><\/p>\n<ul>\n<li data-leveltext=\"\uf0b7\" data-font=\"Symbol\" data-listid=\"6\" data-list-defn-props=\"{&quot;335552541&quot;:1,&quot;335559684&quot;:-2,&quot;335559685&quot;:720,&quot;335559991&quot;:360,&quot;469769226&quot;:&quot;Symbol&quot;,&quot;469769242&quot;:[8226],&quot;469777803&quot;:&quot;left&quot;,&quot;469777804&quot;:&quot;\uf0b7&quot;,&quot;469777815&quot;:&quot;hybridMultilevel&quot;}\" aria-setsize=\"-1\" data-aria-posinset=\"2\" data-aria-level=\"1\"><strong>Session Cookies:<\/strong> These are temporary Cookies that remain in the browser&#8217;s Cookies file until you leave the website.\u202fIt is often used to analyze traffic patterns on the web.\u202fIn the long run, this allows you to provide a better experience to improve your content and ease of use.<\/li>\n<li data-leveltext=\"\uf0b7\" data-font=\"Symbol\" data-listid=\"6\" data-list-defn-props=\"{&quot;335552541&quot;:1,&quot;335559684&quot;:-2,&quot;335559685&quot;:720,&quot;335559991&quot;:360,&quot;469769226&quot;:&quot;Symbol&quot;,&quot;469769242&quot;:[8226],&quot;469777803&quot;:&quot;left&quot;,&quot;469777804&quot;:&quot;\uf0b7&quot;,&quot;469777815&quot;:&quot;hybridMultilevel&quot;}\" aria-setsize=\"-1\" data-aria-posinset=\"2\" data-aria-level=\"1\"><strong>Permanent cookies:<\/strong> they are stored in the terminal and the website reads them each time a new visit is made.\u202fDespite its name, a permanent cookie has a specific expiration date.\u202fThe cookie will stop working after that date, which can range from a few minutes to several years.\u202fThey are generally used to facilitate the different services offered by web pages.<\/li>\n<\/ul>\n<p><strong>COOKIES USED<\/strong><\/p>\n<p>This Web portal uses cookies that are strictly essential to be able to use our website and browse freely, use security areas, personalized options, etc.\u202fNo personal data is collected unless you want to register, voluntarily in order to make purchases of the products and services that we make available to you or to receive information about promotions and content of interest to you with prior consent.<\/p>\n<p>No data is transferred to third parties, however, our web portal may contain links to third-party websites whose privacy policies are unrelated to us.\u202fBy accessing such websites you can decide whether to accept their privacy and cookie policies.<\/p>\n<p>They may also contain links to social networks (such as Facebook or Twitter).\u202fOur website has no control over the cookies used by these external websites.\u202fFor more details about cookies from social networks or those from unrelated websites, we recommend that you review their own cookie policies.<\/p>\n<p><strong>Cookies used by third parties:\u00a0<\/strong><\/p>\n<p>_ga, __utma, __utmb, __utmc, __utmz, __utmv: Cookies associated with Google Analytics.\u202fThey allow different users of the web to be distinguished.\u202fThey expire after two years.<\/p>\n<p><span data-contrast=\"none\">\u202f<\/span><span data-ccp-props=\"{&quot;134233117&quot;:true,&quot;134233118&quot;:true,&quot;201341983&quot;:0,&quot;335551550&quot;:6,&quot;335551620&quot;:6,&quot;335559740&quot;:276}\">\u00a0<\/span><\/p>\n<p><strong>CONFIGURE OR DISABLE COOKIES:<\/strong><\/p>\n<p>All Internet browsers allow you to limit the behavior of a cookie or disable cookies within the browser settings or options.\u202fThe steps to do this are different for each browser, with instructions found in the help menu of your browser.\u202fIn the following links you have all the information at your disposal to configure or disable cookies in each browser:<\/p>\n<p><b><span data-contrast=\"none\">Chrome:<\/span><\/b><a href=\"https:\/\/translate.google.com\/website?sl=ca&amp;tl=es&amp;hl=ca&amp;client=webapp&amp;u=http:\/\/support.google.com\/chrome\/bin\/answer.py?hl%3Des%26answer%3D95647\"><span data-contrast=\"none\">http:\/\/support.google.com\/chrome\/bin\/answer.py?hl=es&amp;answer=95647<\/span><\/a><span data-ccp-props=\"{&quot;134233117&quot;:true,&quot;134233118&quot;:true,&quot;201341983&quot;:0,&quot;335551550&quot;:6,&quot;335551620&quot;:6,&quot;335559740&quot;:276}\">\u00a0<\/span><\/p>\n<p><b><span data-contrast=\"none\">Firefox:<\/span><\/b><span data-contrast=\"none\">\u202f<\/span><a href=\"https:\/\/translate.google.com\/website?sl=ca&amp;tl=es&amp;hl=ca&amp;client=webapp&amp;u=http:\/\/support.mozilla.org\/es\/kb\/habilitar-y-deshabilitar-cookies-que-los-sitios-we\"><span data-contrast=\"none\">https:\/\/support.mozilla.org\/es\/kb\/activa-i-desactiva-les-galetes-que-les-pagines-web\u202f<\/span><\/a><span data-ccp-props=\"{&quot;134233117&quot;:true,&quot;134233118&quot;:true,&quot;201341983&quot;:0,&quot;335551550&quot;:6,&quot;335551620&quot;:6,&quot;335559740&quot;:276}\">\u00a0<\/span><\/p>\n<p><b><span data-contrast=\"none\">Edge<\/span><\/b><span data-contrast=\"none\">\u202f:<\/span><a href=\"https:\/\/translate.google.com\/website?sl=ca&amp;tl=es&amp;hl=ca&amp;client=webapp&amp;u=https:\/\/privacy.microsoft.com\/es-es\/windows-10-microsoft-edge-and-privacy\"><span data-contrast=\"none\">https:\/\/privacy.microsoft.com\/es-es\/windows-10-microsoft-edge-and-privacy<\/span><\/a><span data-ccp-props=\"{&quot;134233117&quot;:true,&quot;134233118&quot;:true,&quot;201341983&quot;:0,&quot;335551550&quot;:6,&quot;335551620&quot;:6,&quot;335559740&quot;:276}\">\u00a0<\/span><\/p>\n<p><b><span data-contrast=\"none\">Safari:<\/span><\/b><a href=\"https:\/\/translate.google.com\/website?sl=ca&amp;tl=es&amp;hl=ca&amp;client=webapp&amp;u=https:\/\/support.apple.com\/kb\/PH21411?locale%3Des_ES%26viewlocale%3Des_ES\"><span data-contrast=\"none\">https:\/\/support.apple.com\/kb\/PH21411?locale=es_ES&amp;viewlocale=es_ES<\/span><\/a><span data-ccp-props=\"{&quot;134233117&quot;:true,&quot;134233118&quot;:true,&quot;201341983&quot;:0,&quot;335551550&quot;:6,&quot;335551620&quot;:6,&quot;335559740&quot;:276}\">\u00a0<\/span><\/p>\n","protected":false},"excerpt":{"rendered":"<p>What is a Cookie? Cookies are small data files received by the terminal from the website visited and are used to record certain browsing interactions on a website by storing data that can be updated and retrieved.\u202fThese files are stored on the user&#8217;s computer and contain anonymous data that is not harmful to the system.\u202fThey&hellip; <a class=\"more-link\" href=\"https:\/\/manoarquitectura.com\/en\/cookies-policy\/\">Continue reading <span class=\"screen-reader-text\">Cookies policy<\/span><\/a><\/p>\n","protected":false},"author":1,"featured_media":0,"parent":0,"menu_order":0,"comment_status":"closed","ping_status":"closed","template":"","meta":{"_acf_changed":false,"footnotes":""},"class_list":["post-1961","page","type-page","status-publish","hentry","entry"],"acf":[],"_links":{"self":[{"href":"https:\/\/manoarquitectura.com\/en\/wp-json\/wp\/v2\/pages\/1961","targetHints":{"allow":["GET"]}}],"collection":[{"href":"https:\/\/manoarquitectura.com\/en\/wp-json\/wp\/v2\/pages"}],"about":[{"href":"https:\/\/manoarquitectura.com\/en\/wp-json\/wp\/v2\/types\/page"}],"author":[{"embeddable":true,"href":"https:\/\/manoarquitectura.com\/en\/wp-json\/wp\/v2\/users\/1"}],"replies":[{"embeddable":true,"href":"https:\/\/manoarquitectura.com\/en\/wp-json\/wp\/v2\/comments?post=1961"}],"version-history":[{"count":5,"href":"https:\/\/manoarquitectura.com\/en\/wp-json\/wp\/v2\/pages\/1961\/revisions"}],"predecessor-version":[{"id":2082,"href":"https:\/\/manoarquitectura.com\/en\/wp-json\/wp\/v2\/pages\/1961\/revisions\/2082"}],"wp:attachment":[{"href":"https:\/\/manoarquitectura.com\/en\/wp-json\/wp\/v2\/media?parent=1961"}],"curies":[{"name":"wp","href":"https:\/\/api.w.org\/{rel}","templated":true}]}}